{"id":84,"date":"2022-06-30T14:44:12","date_gmt":"2022-06-30T12:44:12","guid":{"rendered":"https:\/\/rasnag-senat.fr\/?page_id=84"},"modified":"2022-07-27T15:08:33","modified_gmt":"2022-07-27T13:08:33","slug":"a-propos","status":"publish","type":"page","link":"https:\/\/rasnag-senat.fr\/?page_id=84","title":{"rendered":"A propos"},"content":{"rendered":"\t\t<div data-elementor-type=\"wp-page\" data-elementor-id=\"84\" class=\"elementor elementor-84\" data-elementor-post-type=\"page\">\n\t\t\t\t\t\t<section class=\"elementor-section elementor-top-section elementor-element elementor-element-4d44784 elementor-section-height-min-height elementor-section-boxed elementor-section-height-default elementor-section-items-middle\" data-id=\"4d44784\" data-element_type=\"section\" data-e-type=\"section\">\n\t\t\t\t\t\t<div class=\"elementor-container elementor-column-gap-default\">\n\t\t\t\t\t<div class=\"elementor-column elementor-col-100 elementor-top-column elementor-element elementor-element-c3b3d4a\" data-id=\"c3b3d4a\" data-element_type=\"column\" data-e-type=\"column\">\n\t\t\t<div class=\"elementor-widget-wrap elementor-element-populated\">\n\t\t\t\t\t\t<div class=\"elementor-element elementor-element-7020c64 elementor-widget elementor-widget-heading\" data-id=\"7020c64\" data-element_type=\"widget\" data-e-type=\"widget\" data-widget_type=\"heading.default\">\n\t\t\t\t<div class=\"elementor-widget-container\">\n\t\t\t\t\t<h2 class=\"elementor-heading-title elementor-size-default\">Qu'est-ce que la Rasnag?<\/h2>\t\t\t\t<\/div>\n\t\t\t\t<\/div>\n\t\t\t\t<div class=\"elementor-element elementor-element-522cf67 elementor-widget elementor-widget-heading\" data-id=\"522cf67\" data-element_type=\"widget\" data-e-type=\"widget\" data-widget_type=\"heading.default\">\n\t\t\t\t<div class=\"elementor-widget-container\">\n\t\t\t\t\t<h2 class=\"elementor-heading-title elementor-size-default\">La RASNAG et les groupes politiques au S\u00e9nat<\/h2>\t\t\t\t<\/div>\n\t\t\t\t<\/div>\n\t\t\t\t<div class=\"elementor-element elementor-element-ee15bfa elementor-widget elementor-widget-text-editor\" data-id=\"ee15bfa\" data-element_type=\"widget\" data-e-type=\"widget\" data-widget_type=\"text-editor.default\">\n\t\t\t\t<div class=\"elementor-widget-container\">\n\t\t\t\t\t\t\t\t\t<p>Les groupes politiques se constituent ou se reconstituent \u00e0 chaque renouvellement triennal du S\u00e9nat. La formation et la reconnaissance d&rsquo;un groupe politique sont subordonn\u00e9es \u00e0 deux conditions:<\/p><ul><li>Un effectif minimum : chaque groupe doit compter au moins dix membres ;<\/li><li>Une d\u00e9claration politique sign\u00e9e de ses membres formulant les objectifs et les moyens de la politique pr\u00e9conis\u00e9e par le groupe.<\/li><\/ul><p>Les S\u00e9nateurs peuvent adh\u00e9rer au groupe politique de leur choix. Ils le peuvent, mais n&rsquo;y sont pas oblig\u00e9s : \u00ab\u00a0Nul ne peut \u00eatre contraint de faire partie d&rsquo;un groupe\u00a0\u00bb pr\u00e9cise le R\u00e8glement du S\u00e9nat (art. 5). La libert\u00e9 de choix des S\u00e9nateurs n&rsquo;est limit\u00e9e que sur un point : ils ne peuvent faire partie de deux groupes simultan\u00e9ment.<\/p><p>Les S\u00e9nateurs non-inscrits ont constitu\u00e9 pendant longtemps un groupe dont les membres avaient d\u00e9pos\u00e9 et publi\u00e9 la d\u00e9claration politique prescrite par le r\u00e8glement. Actuellement, pour des raisons num\u00e9riques (ils sont moins de 10), ces S\u00e9nateurs ne peuvent pas se constituer en groupe et forment, en application du R\u00e8glement du S\u00e9nat, une r\u00e9union administrative qui \u00e9lit un D\u00e9l\u00e9gu\u00e9 pour la repr\u00e9senter et qui dispose de certains droits pour la r\u00e9partition des si\u00e8ges dans les Commissions et au sein du Bureau du S\u00e9nat.<\/p>\t\t\t\t\t\t\t\t<\/div>\n\t\t\t\t<\/div>\n\t\t\t\t\t<\/div>\n\t\t<\/div>\n\t\t\t\t\t<\/div>\n\t\t<\/section>\n\t\t\t\t<\/div>\n\t\t","protected":false},"excerpt":{"rendered":"<p>Qu&rsquo;est-ce que la Rasnag? La RASNAG et les groupes politiques au S\u00e9nat Les groupes politiques se constituent ou se reconstituent \u00e0 chaque renouvellement triennal du S\u00e9nat. La formation et la reconnaissance d&rsquo;un groupe politique sont subordonn\u00e9es \u00e0 deux conditions: Un effectif minimum : chaque groupe doit compter au moins dix membres ; Une d\u00e9claration politique [&hellip;]<\/p>\n","protected":false},"author":1,"featured_media":0,"parent":0,"menu_order":0,"comment_status":"closed","ping_status":"closed","template":"elementor_header_footer","meta":{"footnotes":""},"class_list":["post-84","page","type-page","status-publish","hentry"],"_links":{"self":[{"href":"https:\/\/rasnag-senat.fr\/index.php?rest_route=\/wp\/v2\/pages\/84","targetHints":{"allow":["GET"]}}],"collection":[{"href":"https:\/\/rasnag-senat.fr\/index.php?rest_route=\/wp\/v2\/pages"}],"about":[{"href":"https:\/\/rasnag-senat.fr\/index.php?rest_route=\/wp\/v2\/types\/page"}],"author":[{"embeddable":true,"href":"https:\/\/rasnag-senat.fr\/index.php?rest_route=\/wp\/v2\/users\/1"}],"replies":[{"embeddable":true,"href":"https:\/\/rasnag-senat.fr\/index.php?rest_route=%2Fwp%2Fv2%2Fcomments&post=84"}],"version-history":[{"count":58,"href":"https:\/\/rasnag-senat.fr\/index.php?rest_route=\/wp\/v2\/pages\/84\/revisions"}],"predecessor-version":[{"id":413,"href":"https:\/\/rasnag-senat.fr\/index.php?rest_route=\/wp\/v2\/pages\/84\/revisions\/413"}],"wp:attachment":[{"href":"https:\/\/rasnag-senat.fr\/index.php?rest_route=%2Fwp%2Fv2%2Fmedia&parent=84"}],"curies":[{"name":"wp","href":"https:\/\/api.w.org\/{rel}","templated":true}]}}